{"id":3422,"date":"2022-01-13T15:57:29","date_gmt":"2022-01-13T15:57:29","guid":{"rendered":"http:\/\/nmsmetal.com\/?page_id=3422"},"modified":"2022-05-22T17:15:55","modified_gmt":"2022-05-22T17:15:55","slug":"copper-brass-bronze","status":"publish","type":"page","link":"http:\/\/nmsmetal.com\/index.php\/copper-brass-bronze\/","title":{"rendered":"BAKIR, BRONZ, P\u0130R\u0130N\u00c7"},"content":{"rendered":"\t\t<div data-elementor-type=\"wp-page\" data-elementor-id=\"3422\" class=\"elementor elementor-3422\" data-elementor-settings=\"[]\">\n\t\t\t\t\t\t\t<div class=\"elementor-section-wrap\">\n\t\t\t\t\t\t\t<section class=\"elementor-section elementor-top-section elementor-element elementor-element-2f48ad7 elementor-section-boxed elementor-section-height-default elementor-section-height-default\" data-id=\"2f48ad7\" data-element_type=\"section\">\n\t\t\t\t\t\t<div class=\"elementor-container elementor-column-gap-default\">\n\t\t\t\t\t<div class=\"elementor-column elementor-col-66 elementor-top-column elementor-element elementor-element-335b6a3\" data-id=\"335b6a3\" data-element_type=\"column\">\n\t\t\t<div class=\"elementor-widget-wrap elementor-element-populated\">\n\t\t\t\t\t\t\t\t<section class=\"elementor-section elementor-inner-section elementor-element elementor-element-0e19e95 elementor-section-boxed elementor-section-height-default elementor-section-height-default\" data-id=\"0e19e95\" data-element_type=\"section\">\n\t\t\t\t\t\t<div class=\"elementor-container elementor-column-gap-default\">\n\t\t\t\t\t<div class=\"elementor-column elementor-col-50 elementor-inner-column elementor-element elementor-element-5525192\" data-id=\"5525192\" data-element_type=\"column\">\n\t\t\t<div class=\"elementor-widget-wrap elementor-element-populated\">\n\t\t\t\t\t\t\t\t<div class=\"elementor-element elementor-element-e56873d elementor-widget elementor-widget-image\" data-id=\"e56873d\" data-element_type=\"widget\" data-widget_type=\"image.default\">\n\t\t\t\t<div class=\"elementor-widget-container\">\n\t\t\t\t\t\t\t\t\t\t\t\t\t\t\t<img width=\"1002\" height=\"702\" src=\"http:\/\/nmsmetal.com\/wp-content\/uploads\/2022\/01\/1-1.jpg\" class=\"attachment-large size-large\" alt=\"\" loading=\"lazy\" srcset=\"http:\/\/nmsmetal.com\/wp-content\/uploads\/2022\/01\/1-1.jpg 1002w, http:\/\/nmsmetal.com\/wp-content\/uploads\/2022\/01\/1-1-300x210.jpg 300w, http:\/\/nmsmetal.com\/wp-content\/uploads\/2022\/01\/1-1-768x538.jpg 768w, http:\/\/nmsmetal.com\/wp-content\/uploads\/2022\/01\/1-1-100x70.jpg 100w\" sizes=\"(max-width: 1002px) 100vw, 1002px\" \/>\t\t\t\t\t\t\t\t\t\t\t\t\t\t\t<\/div>\n\t\t\t\t<\/div>\n\t\t\t\t\t<\/div>\n\t\t<\/div>\n\t\t\t\t<div class=\"elementor-column elementor-col-50 elementor-inner-column elementor-element elementor-element-5d0d5a0\" data-id=\"5d0d5a0\" data-element_type=\"column\">\n\t\t\t<div class=\"elementor-widget-wrap elementor-element-populated\">\n\t\t\t\t\t\t\t\t<div class=\"elementor-element elementor-element-49aebfe elementor-widget elementor-widget-image\" data-id=\"49aebfe\" data-element_type=\"widget\" data-widget_type=\"image.default\">\n\t\t\t\t<div class=\"elementor-widget-container\">\n\t\t\t\t\t\t\t\t\t\t\t\t\t\t\t<img width=\"1002\" height=\"702\" src=\"http:\/\/nmsmetal.com\/wp-content\/uploads\/2022\/01\/2-1.jpg\" class=\"attachment-large size-large\" alt=\"\" loading=\"lazy\" srcset=\"http:\/\/nmsmetal.com\/wp-content\/uploads\/2022\/01\/2-1.jpg 1002w, http:\/\/nmsmetal.com\/wp-content\/uploads\/2022\/01\/2-1-300x210.jpg 300w, http:\/\/nmsmetal.com\/wp-content\/uploads\/2022\/01\/2-1-768x538.jpg 768w, http:\/\/nmsmetal.com\/wp-content\/uploads\/2022\/01\/2-1-100x70.jpg 100w\" sizes=\"(max-width: 1002px) 100vw, 1002px\" \/>\t\t\t\t\t\t\t\t\t\t\t\t\t\t\t<\/div>\n\t\t\t\t<\/div>\n\t\t\t\t\t<\/div>\n\t\t<\/div>\n\t\t\t\t\t\t\t<\/div>\n\t\t<\/section>\n\t\t\t\t<div class=\"elementor-element elementor-element-e1d7004 elementor-widget elementor-widget-image\" data-id=\"e1d7004\" data-element_type=\"widget\" data-widget_type=\"image.default\">\n\t\t\t\t<div class=\"elementor-widget-container\">\n\t\t\t\t\t\t\t\t\t\t\t\t\t\t\t<img width=\"1024\" height=\"768\" src=\"http:\/\/nmsmetal.com\/wp-content\/uploads\/2022\/01\/3-1.jpg\" class=\"attachment-large size-large\" alt=\"\" loading=\"lazy\" srcset=\"http:\/\/nmsmetal.com\/wp-content\/uploads\/2022\/01\/3-1.jpg 1024w, http:\/\/nmsmetal.com\/wp-content\/uploads\/2022\/01\/3-1-300x225.jpg 300w, http:\/\/nmsmetal.com\/wp-content\/uploads\/2022\/01\/3-1-768x576.jpg 768w\" sizes=\"(max-width: 1024px) 100vw, 1024px\" \/>\t\t\t\t\t\t\t\t\t\t\t\t\t\t\t<\/div>\n\t\t\t\t<\/div>\n\t\t\t\t\t<\/div>\n\t\t<\/div>\n\t\t\t\t<div class=\"elementor-column elementor-col-33 elementor-top-column elementor-element elementor-element-153b301\" data-id=\"153b301\" data-element_type=\"column\">\n\t\t\t<div class=\"elementor-widget-wrap elementor-element-populated\">\n\t\t\t\t\t\t\t\t<div class=\"elementor-element elementor-element-6f5eb29 gyan-menu-list-vertical elementor-widget elementor-widget-gyan_menu_list\" data-id=\"6f5eb29\" data-element_type=\"widget\" data-widget_type=\"gyan_menu_list.default\">\n\t\t\t\t<div class=\"elementor-widget-container\">\n\t\t\t<div class=\"gyan-menu-list\"><div class=\"menu-our-servicess-container\"><ul id=\"menu-our-servicess\" class=\"gyan-menu-list-item gyan-ease-transition\"><li id=\"menu-item-1651\" class=\"menu-item menu-item-type-post_type menu-item-object-page menu-item-1651\"><a href=\"http:\/\/nmsmetal.com\/index.php\/product\/high-carbon-and-alloy-steels\/\">Y\u00dcKSEK KARBONLU VE ALA\u015eIMLI \u00c7EL\u0130KLER<\/a><\/li>\n<li id=\"menu-item-1649\" class=\"menu-item menu-item-type-post_type menu-item-object-page menu-item-1649\"><a href=\"http:\/\/nmsmetal.com\/index.php\/product\/hot-dip-galvanised-steels\/\">GALVAN\u0130Z SAC GRUBU<\/a><\/li>\n<li id=\"menu-item-1650\" class=\"menu-item menu-item-type-post_type menu-item-object-page menu-item-1650\"><a href=\"http:\/\/nmsmetal.com\/index.php\/product\/hot-rolled-steels\/\">HRP- SICAK SAC GRUBU<\/a><\/li>\n<li id=\"menu-item-3293\" class=\"menu-item menu-item-type-post_type menu-item-object-page menu-item-3293\"><a href=\"http:\/\/nmsmetal.com\/index.php\/product\/alusi-ve-magnelis\/\">ALUS\u0130 VE MAGNEL\u0130S<\/a><\/li>\n<li id=\"menu-item-3435\" class=\"menu-item menu-item-type-post_type menu-item-object-page menu-item-3435\"><a href=\"http:\/\/nmsmetal.com\/index.php\/product\/aluminium-alloys\/\">AL\u00dcM\u0130NYUM<\/a><\/li>\n<li id=\"menu-item-3436\" class=\"menu-item menu-item-type-post_type menu-item-object-page menu-item-3436\"><a href=\"http:\/\/nmsmetal.com\/index.php\/product\/tube-section-and-bars\/\">BORU, PROF\u0130L, M\u0130L<\/a><\/li>\n<li id=\"menu-item-3437\" class=\"menu-item menu-item-type-post_type menu-item-object-page menu-item-3437\"><a href=\"http:\/\/nmsmetal.com\/index.php\/product\/cold-rolled-steels\/\">CCR- SO\u011eUK SAC GRUBU<\/a><\/li>\n<li id=\"menu-item-3441\" class=\"menu-item menu-item-type-post_type menu-item-object-page menu-item-3441\"><a href=\"http:\/\/nmsmetal.com\/index.php\/copper-brass-bronze\/\">BAKIR, BRONZ, P\u0130R\u0130N\u00c7<\/a><\/li>\n<\/ul><\/div><\/div>\t\t<\/div>\n\t\t\t\t<\/div>\n\t\t\t\t<div class=\"elementor-element elementor-element-cab4016 elementor-widget elementor-widget-text-editor\" data-id=\"cab4016\" data-element_type=\"widget\" data-widget_type=\"text-editor.default\">\n\t\t\t\t<div class=\"elementor-widget-container\">\n\t\t\t\t\t\t\t<p>Zirkonyumlu Bak\u0131r , Berilyumlu bak\u0131r, Nikelli Bak\u0131r<\/p><p>Al\u00fcminyum Bronz, Kalay Bronz<\/p>\t\t\t\t\t\t<\/div>\n\t\t\t\t<\/div>\n\t\t\t\t\t<\/div>\n\t\t<\/div>\n\t\t\t\t\t\t\t<\/div>\n\t\t<\/section>\n\t\t\t\t\t\t<\/div>\n\t\t\t\t\t<\/div>\n\t\t","protected":false},"excerpt":{"rendered":"<p>Y\u00dcKSEK KARBONLU VE ALA\u015eIMLI \u00c7EL\u0130KLER GALVAN\u0130Z SAC GRUBU HRP- SICAK SAC GRUBU Alusi And Magnelis Coating Steels AL\u00dcM\u0130NYUM BORU, PROF\u0130L, M\u0130L CCR- SO\u011eUK SAC GRUBU BAKIR, BRONZ, P\u0130R\u0130N\u00c7 Zirkonyumlu Bak\u0131r , Berilyumlu bak\u0131r, Nikelli Bak\u0131r Al\u00fcminyum Bronz, Kalay Bronz<\/p>\n","protected":false},"author":2,"featured_media":0,"parent":0,"menu_order":0,"comment_status":"closed","ping_status":"closed","template":"","meta":[],"_links":{"self":[{"href":"http:\/\/nmsmetal.com\/index.php\/wp-json\/wp\/v2\/pages\/3422"}],"collection":[{"href":"http:\/\/nmsmetal.com\/index.php\/wp-json\/wp\/v2\/pages"}],"about":[{"href":"http:\/\/nmsmetal.com\/index.php\/wp-json\/wp\/v2\/types\/page"}],"author":[{"embeddable":true,"href":"http:\/\/nmsmetal.com\/index.php\/wp-json\/wp\/v2\/users\/2"}],"replies":[{"embeddable":true,"href":"http:\/\/nmsmetal.com\/index.php\/wp-json\/wp\/v2\/comments?post=3422"}],"version-history":[{"count":8,"href":"http:\/\/nmsmetal.com\/index.php\/wp-json\/wp\/v2\/pages\/3422\/revisions"}],"predecessor-version":[{"id":3649,"href":"http:\/\/nmsmetal.com\/index.php\/wp-json\/wp\/v2\/pages\/3422\/revisions\/3649"}],"wp:attachment":[{"href":"http:\/\/nmsmetal.com\/index.php\/wp-json\/wp\/v2\/media?parent=3422"}],"curies":[{"name":"wp","href":"https:\/\/api.w.org\/{rel}","templated":true}]}}