{"id":3410,"date":"2022-01-13T15:51:03","date_gmt":"2022-01-13T15:51:03","guid":{"rendered":"http:\/\/nmsmetal.com\/?page_id=3410"},"modified":"2022-05-22T15:12:11","modified_gmt":"2022-05-22T15:12:11","slug":"aluminium-alloys","status":"publish","type":"page","link":"http:\/\/nmsmetal.com\/index.php\/product\/aluminium-alloys\/","title":{"rendered":"AL\u00dcM\u0130NYUM"},"content":{"rendered":"\t\t<div data-elementor-type=\"wp-page\" data-elementor-id=\"3410\" class=\"elementor elementor-3410\" data-elementor-settings=\"[]\">\n\t\t\t\t\t\t\t<div class=\"elementor-section-wrap\">\n\t\t\t\t\t\t\t<section class=\"elementor-section elementor-top-section elementor-element elementor-element-504878a elementor-section-boxed elementor-section-height-default elementor-section-height-default\" data-id=\"504878a\" data-element_type=\"section\">\n\t\t\t\t\t\t<div class=\"elementor-container elementor-column-gap-default\">\n\t\t\t\t\t<div class=\"elementor-column elementor-col-66 elementor-top-column elementor-element elementor-element-8faca4d\" data-id=\"8faca4d\" data-element_type=\"column\">\n\t\t\t<div class=\"elementor-widget-wrap elementor-element-populated\">\n\t\t\t\t\t\t\t\t<div class=\"elementor-element elementor-element-de29216 elementor-widget elementor-widget-text-editor\" data-id=\"de29216\" data-element_type=\"widget\" data-widget_type=\"text-editor.default\">\n\t\t\t\t<div class=\"elementor-widget-container\">\n\t\t\t\t\t\t\t<p>5083 &#8211; 6061 &#8211; 6082 &#8211; 7075<\/p>\t\t\t\t\t\t<\/div>\n\t\t\t\t<\/div>\n\t\t\t\t<div class=\"elementor-element elementor-element-7ce9f23 elementor-widget elementor-widget-image\" data-id=\"7ce9f23\" data-element_type=\"widget\" data-widget_type=\"image.default\">\n\t\t\t\t<div class=\"elementor-widget-container\">\n\t\t\t\t\t\t\t\t\t\t\t\t\t\t\t<img width=\"1024\" height=\"768\" src=\"http:\/\/nmsmetal.com\/wp-content\/uploads\/2022\/01\/123123.jpg\" class=\"attachment-large size-large\" alt=\"\" loading=\"lazy\" srcset=\"http:\/\/nmsmetal.com\/wp-content\/uploads\/2022\/01\/123123.jpg 1024w, http:\/\/nmsmetal.com\/wp-content\/uploads\/2022\/01\/123123-300x225.jpg 300w, http:\/\/nmsmetal.com\/wp-content\/uploads\/2022\/01\/123123-768x576.jpg 768w\" sizes=\"(max-width: 1024px) 100vw, 1024px\" \/>\t\t\t\t\t\t\t\t\t\t\t\t\t\t\t<\/div>\n\t\t\t\t<\/div>\n\t\t\t\t\t<\/div>\n\t\t<\/div>\n\t\t\t\t<div class=\"elementor-column elementor-col-33 elementor-top-column elementor-element elementor-element-072321b\" data-id=\"072321b\" data-element_type=\"column\">\n\t\t\t<div class=\"elementor-widget-wrap elementor-element-populated\">\n\t\t\t\t\t\t\t\t<div class=\"elementor-element elementor-element-6812c7c gyan-menu-list-vertical elementor-widget elementor-widget-gyan_menu_list\" data-id=\"6812c7c\" data-element_type=\"widget\" data-widget_type=\"gyan_menu_list.default\">\n\t\t\t\t<div class=\"elementor-widget-container\">\n\t\t\t<div class=\"gyan-menu-list\"><div class=\"menu-our-servicess-container\"><ul id=\"menu-our-servicess\" class=\"gyan-menu-list-item gyan-ease-transition\"><li id=\"menu-item-1651\" class=\"menu-item menu-item-type-post_type menu-item-object-page menu-item-1651\"><a href=\"http:\/\/nmsmetal.com\/index.php\/product\/high-carbon-and-alloy-steels\/\">Y\u00dcKSEK KARBONLU VE ALA\u015eIMLI \u00c7EL\u0130KLER<\/a><\/li>\n<li id=\"menu-item-1649\" class=\"menu-item menu-item-type-post_type menu-item-object-page menu-item-1649\"><a href=\"http:\/\/nmsmetal.com\/index.php\/product\/hot-dip-galvanised-steels\/\">GALVAN\u0130Z SAC GRUBU<\/a><\/li>\n<li id=\"menu-item-1650\" class=\"menu-item menu-item-type-post_type menu-item-object-page menu-item-1650\"><a href=\"http:\/\/nmsmetal.com\/index.php\/product\/hot-rolled-steels\/\">HRP- SICAK SAC GRUBU<\/a><\/li>\n<li id=\"menu-item-3293\" class=\"menu-item menu-item-type-post_type menu-item-object-page menu-item-3293\"><a href=\"http:\/\/nmsmetal.com\/index.php\/product\/alusi-ve-magnelis\/\">ALUS\u0130 VE MAGNEL\u0130S<\/a><\/li>\n<li id=\"menu-item-3435\" class=\"menu-item menu-item-type-post_type menu-item-object-page menu-item-3435\"><a href=\"http:\/\/nmsmetal.com\/index.php\/product\/aluminium-alloys\/\">AL\u00dcM\u0130NYUM<\/a><\/li>\n<li id=\"menu-item-3436\" class=\"menu-item menu-item-type-post_type menu-item-object-page menu-item-3436\"><a href=\"http:\/\/nmsmetal.com\/index.php\/product\/tube-section-and-bars\/\">BORU, PROF\u0130L, M\u0130L<\/a><\/li>\n<li id=\"menu-item-3437\" class=\"menu-item menu-item-type-post_type menu-item-object-page menu-item-3437\"><a href=\"http:\/\/nmsmetal.com\/index.php\/product\/cold-rolled-steels\/\">CCR- SO\u011eUK SAC GRUBU<\/a><\/li>\n<li id=\"menu-item-3441\" class=\"menu-item menu-item-type-post_type menu-item-object-page menu-item-3441\"><a href=\"http:\/\/nmsmetal.com\/index.php\/copper-brass-bronze\/\">BAKIR, BRONZ, P\u0130R\u0130N\u00c7<\/a><\/li>\n<\/ul><\/div><\/div>\t\t<\/div>\n\t\t\t\t<\/div>\n\t\t\t\t\t<\/div>\n\t\t<\/div>\n\t\t\t\t\t\t\t<\/div>\n\t\t<\/section>\n\t\t\t\t\t\t<\/div>\n\t\t\t\t\t<\/div>\n\t\t","protected":false},"excerpt":{"rendered":"<p>5083 &#8211; 6061 &#8211; 6082 &#8211; 7075 High Carbon And Alloy Steels Galvanised Steels Hot Rolled Steels Aluis And Magnelis Coating Steels<\/p>\n","protected":false},"author":2,"featured_media":0,"parent":1590,"menu_order":0,"comment_status":"closed","ping_status":"closed","template":"","meta":[],"_links":{"self":[{"href":"http:\/\/nmsmetal.com\/index.php\/wp-json\/wp\/v2\/pages\/3410"}],"collection":[{"href":"http:\/\/nmsmetal.com\/index.php\/wp-json\/wp\/v2\/pages"}],"about":[{"href":"http:\/\/nmsmetal.com\/index.php\/wp-json\/wp\/v2\/types\/page"}],"author":[{"embeddable":true,"href":"http:\/\/nmsmetal.com\/index.php\/wp-json\/wp\/v2\/users\/2"}],"replies":[{"embeddable":true,"href":"http:\/\/nmsmetal.com\/index.php\/wp-json\/wp\/v2\/comments?post=3410"}],"version-history":[{"count":6,"href":"http:\/\/nmsmetal.com\/index.php\/wp-json\/wp\/v2\/pages\/3410\/revisions"}],"predecessor-version":[{"id":3476,"href":"http:\/\/nmsmetal.com\/index.php\/wp-json\/wp\/v2\/pages\/3410\/revisions\/3476"}],"up":[{"embeddable":true,"href":"http:\/\/nmsmetal.com\/index.php\/wp-json\/wp\/v2\/pages\/1590"}],"wp:attachment":[{"href":"http:\/\/nmsmetal.com\/index.php\/wp-json\/wp\/v2\/media?parent=3410"}],"curies":[{"name":"wp","href":"https:\/\/api.w.org\/{rel}","templated":true}]}}