{"id":3392,"date":"2022-01-13T15:41:38","date_gmt":"2022-01-13T15:41:38","guid":{"rendered":"http:\/\/nmsmetal.com\/?page_id=3392"},"modified":"2022-05-22T15:15:45","modified_gmt":"2022-05-22T15:15:45","slug":"tube-section-and-bars","status":"publish","type":"page","link":"http:\/\/nmsmetal.com\/index.php\/product\/tube-section-and-bars\/","title":{"rendered":"BORU, PROF\u0130L, M\u0130L"},"content":{"rendered":"\t\t<div data-elementor-type=\"wp-page\" data-elementor-id=\"3392\" class=\"elementor elementor-3392\" data-elementor-settings=\"[]\">\n\t\t\t\t\t\t\t<div class=\"elementor-section-wrap\">\n\t\t\t\t\t\t\t<section class=\"elementor-section elementor-top-section elementor-element elementor-element-d8d4bdf elementor-section-boxed elementor-section-height-default elementor-section-height-default\" data-id=\"d8d4bdf\" data-element_type=\"section\">\n\t\t\t\t\t\t<div class=\"elementor-container elementor-column-gap-default\">\n\t\t\t\t\t<div class=\"elementor-column elementor-col-66 elementor-top-column elementor-element elementor-element-79bb7d2\" data-id=\"79bb7d2\" data-element_type=\"column\">\n\t\t\t<div class=\"elementor-widget-wrap elementor-element-populated\">\n\t\t\t\t\t\t\t\t<div class=\"elementor-element elementor-element-9dc7e09 elementor-widget elementor-widget-text-editor\" data-id=\"9dc7e09\" data-element_type=\"widget\" data-widget_type=\"text-editor.default\">\n\t\t\t\t<div class=\"elementor-widget-container\">\n\t\t\t\t\t\t\t<p>Square Tubes, Rect. Tubes, Oval tubes, Angle Bars , NPU-NPI-HEB-HEA<\/p>\t\t\t\t\t\t<\/div>\n\t\t\t\t<\/div>\n\t\t\t\t<section class=\"elementor-section elementor-inner-section elementor-element elementor-element-ecebe21 elementor-section-boxed elementor-section-height-default elementor-section-height-default\" data-id=\"ecebe21\" data-element_type=\"section\">\n\t\t\t\t\t\t<div class=\"elementor-container elementor-column-gap-default\">\n\t\t\t\t\t<div class=\"elementor-column elementor-col-50 elementor-inner-column elementor-element elementor-element-7f3d984\" data-id=\"7f3d984\" data-element_type=\"column\">\n\t\t\t<div class=\"elementor-widget-wrap elementor-element-populated\">\n\t\t\t\t\t\t\t\t<div class=\"elementor-element elementor-element-3b41e35 elementor-widget elementor-widget-image\" data-id=\"3b41e35\" data-element_type=\"widget\" data-widget_type=\"image.default\">\n\t\t\t\t<div class=\"elementor-widget-container\">\n\t\t\t\t\t\t\t\t\t\t\t\t\t\t\t<img width=\"500\" height=\"500\" src=\"http:\/\/nmsmetal.com\/wp-content\/uploads\/2022\/01\/1.jpg\" class=\"attachment-large size-large\" alt=\"\" loading=\"lazy\" srcset=\"http:\/\/nmsmetal.com\/wp-content\/uploads\/2022\/01\/1.jpg 500w, http:\/\/nmsmetal.com\/wp-content\/uploads\/2022\/01\/1-300x300.jpg 300w, http:\/\/nmsmetal.com\/wp-content\/uploads\/2022\/01\/1-150x150.jpg 150w, http:\/\/nmsmetal.com\/wp-content\/uploads\/2022\/01\/1-90x90.jpg 90w\" sizes=\"(max-width: 500px) 100vw, 500px\" \/>\t\t\t\t\t\t\t\t\t\t\t\t\t\t\t<\/div>\n\t\t\t\t<\/div>\n\t\t\t\t\t<\/div>\n\t\t<\/div>\n\t\t\t\t<div class=\"elementor-column elementor-col-50 elementor-inner-column elementor-element elementor-element-ed5790f\" data-id=\"ed5790f\" data-element_type=\"column\">\n\t\t\t<div class=\"elementor-widget-wrap elementor-element-populated\">\n\t\t\t\t\t\t\t\t<div class=\"elementor-element elementor-element-ecbc22e elementor-widget elementor-widget-image\" data-id=\"ecbc22e\" data-element_type=\"widget\" data-widget_type=\"image.default\">\n\t\t\t\t<div class=\"elementor-widget-container\">\n\t\t\t\t\t\t\t\t\t\t\t\t\t\t\t<img width=\"1000\" height=\"1000\" src=\"http:\/\/nmsmetal.com\/wp-content\/uploads\/2022\/01\/2.jpg\" class=\"attachment-large size-large\" alt=\"\" loading=\"lazy\" srcset=\"http:\/\/nmsmetal.com\/wp-content\/uploads\/2022\/01\/2.jpg 1000w, http:\/\/nmsmetal.com\/wp-content\/uploads\/2022\/01\/2-300x300.jpg 300w, http:\/\/nmsmetal.com\/wp-content\/uploads\/2022\/01\/2-150x150.jpg 150w, http:\/\/nmsmetal.com\/wp-content\/uploads\/2022\/01\/2-768x768.jpg 768w, http:\/\/nmsmetal.com\/wp-content\/uploads\/2022\/01\/2-90x90.jpg 90w, http:\/\/nmsmetal.com\/wp-content\/uploads\/2022\/01\/2-670x670.jpg 670w\" sizes=\"(max-width: 1000px) 100vw, 1000px\" \/>\t\t\t\t\t\t\t\t\t\t\t\t\t\t\t<\/div>\n\t\t\t\t<\/div>\n\t\t\t\t\t<\/div>\n\t\t<\/div>\n\t\t\t\t\t\t\t<\/div>\n\t\t<\/section>\n\t\t\t\t<div class=\"elementor-element elementor-element-082a160 elementor-widget elementor-widget-image\" data-id=\"082a160\" data-element_type=\"widget\" data-widget_type=\"image.default\">\n\t\t\t\t<div class=\"elementor-widget-container\">\n\t\t\t\t\t\t\t\t\t\t\t\t\t\t\t<img width=\"500\" height=\"500\" src=\"http:\/\/nmsmetal.com\/wp-content\/uploads\/2022\/01\/3.jpg\" class=\"attachment-large size-large\" alt=\"\" loading=\"lazy\" srcset=\"http:\/\/nmsmetal.com\/wp-content\/uploads\/2022\/01\/3.jpg 500w, http:\/\/nmsmetal.com\/wp-content\/uploads\/2022\/01\/3-300x300.jpg 300w, http:\/\/nmsmetal.com\/wp-content\/uploads\/2022\/01\/3-150x150.jpg 150w, http:\/\/nmsmetal.com\/wp-content\/uploads\/2022\/01\/3-90x90.jpg 90w\" sizes=\"(max-width: 500px) 100vw, 500px\" \/>\t\t\t\t\t\t\t\t\t\t\t\t\t\t\t<\/div>\n\t\t\t\t<\/div>\n\t\t\t\t\t<\/div>\n\t\t<\/div>\n\t\t\t\t<div class=\"elementor-column elementor-col-33 elementor-top-column elementor-element elementor-element-aecf4e1\" data-id=\"aecf4e1\" data-element_type=\"column\">\n\t\t\t<div class=\"elementor-widget-wrap elementor-element-populated\">\n\t\t\t\t\t\t\t\t<div class=\"elementor-element elementor-element-a7b9272 gyan-menu-list-vertical elementor-widget elementor-widget-gyan_menu_list\" data-id=\"a7b9272\" data-element_type=\"widget\" data-widget_type=\"gyan_menu_list.default\">\n\t\t\t\t<div class=\"elementor-widget-container\">\n\t\t\t<div class=\"gyan-menu-list\"><div class=\"menu-our-servicess-container\"><ul id=\"menu-our-servicess\" class=\"gyan-menu-list-item gyan-ease-transition\"><li id=\"menu-item-1651\" class=\"menu-item menu-item-type-post_type menu-item-object-page menu-item-1651\"><a href=\"http:\/\/nmsmetal.com\/index.php\/product\/high-carbon-and-alloy-steels\/\">Y\u00dcKSEK KARBONLU VE ALA\u015eIMLI \u00c7EL\u0130KLER<\/a><\/li>\n<li id=\"menu-item-1649\" class=\"menu-item menu-item-type-post_type menu-item-object-page menu-item-1649\"><a href=\"http:\/\/nmsmetal.com\/index.php\/product\/hot-dip-galvanised-steels\/\">GALVAN\u0130Z SAC GRUBU<\/a><\/li>\n<li id=\"menu-item-1650\" class=\"menu-item menu-item-type-post_type menu-item-object-page menu-item-1650\"><a href=\"http:\/\/nmsmetal.com\/index.php\/product\/hot-rolled-steels\/\">HRP- SICAK SAC GRUBU<\/a><\/li>\n<li id=\"menu-item-3293\" class=\"menu-item menu-item-type-post_type menu-item-object-page menu-item-3293\"><a href=\"http:\/\/nmsmetal.com\/index.php\/product\/alusi-ve-magnelis\/\">ALUS\u0130 VE MAGNEL\u0130S<\/a><\/li>\n<li id=\"menu-item-3435\" class=\"menu-item menu-item-type-post_type menu-item-object-page menu-item-3435\"><a href=\"http:\/\/nmsmetal.com\/index.php\/product\/aluminium-alloys\/\">AL\u00dcM\u0130NYUM<\/a><\/li>\n<li id=\"menu-item-3436\" class=\"menu-item menu-item-type-post_type menu-item-object-page menu-item-3436\"><a href=\"http:\/\/nmsmetal.com\/index.php\/product\/tube-section-and-bars\/\">BORU, PROF\u0130L, M\u0130L<\/a><\/li>\n<li id=\"menu-item-3437\" class=\"menu-item menu-item-type-post_type menu-item-object-page menu-item-3437\"><a href=\"http:\/\/nmsmetal.com\/index.php\/product\/cold-rolled-steels\/\">CCR- SO\u011eUK SAC GRUBU<\/a><\/li>\n<li id=\"menu-item-3441\" class=\"menu-item menu-item-type-post_type menu-item-object-page menu-item-3441\"><a href=\"http:\/\/nmsmetal.com\/index.php\/copper-brass-bronze\/\">BAKIR, BRONZ, P\u0130R\u0130N\u00c7<\/a><\/li>\n<\/ul><\/div><\/div>\t\t<\/div>\n\t\t\t\t<\/div>\n\t\t\t\t\t<\/div>\n\t\t<\/div>\n\t\t\t\t\t\t\t<\/div>\n\t\t<\/section>\n\t\t\t\t\t\t<\/div>\n\t\t\t\t\t<\/div>\n\t\t","protected":false},"excerpt":{"rendered":"<p>Square Tubes, Rect. Tubes, Oval tubes, Angle Bars , NPU-NPI-HEB-HEA High Carbon And Alloy Steels Galvanised Steels Hot Rolled Steels Aluis And Magnelis Coating Steels<\/p>\n","protected":false},"author":2,"featured_media":0,"parent":1590,"menu_order":0,"comment_status":"closed","ping_status":"closed","template":"","meta":[],"_links":{"self":[{"href":"http:\/\/nmsmetal.com\/index.php\/wp-json\/wp\/v2\/pages\/3392"}],"collection":[{"href":"http:\/\/nmsmetal.com\/index.php\/wp-json\/wp\/v2\/pages"}],"about":[{"href":"http:\/\/nmsmetal.com\/index.php\/wp-json\/wp\/v2\/types\/page"}],"author":[{"embeddable":true,"href":"http:\/\/nmsmetal.com\/index.php\/wp-json\/wp\/v2\/users\/2"}],"replies":[{"embeddable":true,"href":"http:\/\/nmsmetal.com\/index.php\/wp-json\/wp\/v2\/comments?post=3392"}],"version-history":[{"count":8,"href":"http:\/\/nmsmetal.com\/index.php\/wp-json\/wp\/v2\/pages\/3392\/revisions"}],"predecessor-version":[{"id":3482,"href":"http:\/\/nmsmetal.com\/index.php\/wp-json\/wp\/v2\/pages\/3392\/revisions\/3482"}],"up":[{"embeddable":true,"href":"http:\/\/nmsmetal.com\/index.php\/wp-json\/wp\/v2\/pages\/1590"}],"wp:attachment":[{"href":"http:\/\/nmsmetal.com\/index.php\/wp-json\/wp\/v2\/media?parent=3392"}],"curies":[{"name":"wp","href":"https:\/\/api.w.org\/{rel}","templated":true}]}}