{"id":3376,"date":"2022-01-13T15:28:12","date_gmt":"2022-01-13T15:28:12","guid":{"rendered":"http:\/\/nmsmetal.com\/?page_id=3376"},"modified":"2022-05-22T17:23:12","modified_gmt":"2022-05-22T17:23:12","slug":"cold-rolled-steels","status":"publish","type":"page","link":"http:\/\/nmsmetal.com\/index.php\/product\/cold-rolled-steels\/","title":{"rendered":"CCR- SO\u011eUK SAC GRUBU"},"content":{"rendered":"\t\t<div data-elementor-type=\"wp-page\" data-elementor-id=\"3376\" class=\"elementor elementor-3376\" data-elementor-settings=\"[]\">\n\t\t\t\t\t\t\t<div class=\"elementor-section-wrap\">\n\t\t\t\t\t\t\t<section class=\"elementor-section elementor-top-section elementor-element elementor-element-3c3af57 elementor-section-boxed elementor-section-height-default elementor-section-height-default\" data-id=\"3c3af57\" data-element_type=\"section\">\n\t\t\t\t\t\t<div class=\"elementor-container elementor-column-gap-default\">\n\t\t\t\t\t<div class=\"elementor-column elementor-col-66 elementor-top-column elementor-element elementor-element-257200c\" data-id=\"257200c\" data-element_type=\"column\">\n\t\t\t<div class=\"elementor-widget-wrap elementor-element-populated\">\n\t\t\t\t\t\t\t\t<div class=\"elementor-element elementor-element-1192462 elementor-widget elementor-widget-text-editor\" data-id=\"1192462\" data-element_type=\"widget\" data-widget_type=\"text-editor.default\">\n\t\t\t\t<div class=\"elementor-widget-container\">\n\t\t\t\t\t\t\t<p>Ham maddesi s\u0131cak haddelenmi\u015f sac olan bu \u00fcr\u00fcnde \u00e7elik so\u011fuk haddeleme tesislerinde i\u015flemden ge\u00e7irilir sonras\u0131nda farkl\u0131 ebat ve kalitelerde so\u011fuk haddelenmi\u015f sac elde edilir. So\u011fuk haddelenmi\u015f rulo sac veya DKP olarak ifade edilir. Kal\u0131nl\u0131klar\u0131 0,40mm ve 4mm aras\u0131nda de\u011fi\u015fir.<\/p><p>CR1, CR2, CR3, CR4, CR5<\/p><p>DC01, DC03, DC04, DC06<\/p><p>DP590 \u2013 DP1180<\/p><p>C1004 \u2013 C1008, C1010,C1022<\/p><p>DC04EK , DC04ED<\/p><p>HC260LA, HC300LA, HC340LA, HC380LA, HC420LA<\/p>\t\t\t\t\t\t<\/div>\n\t\t\t\t<\/div>\n\t\t\t\t<div class=\"elementor-element elementor-element-510d44b elementor-widget elementor-widget-image\" data-id=\"510d44b\" data-element_type=\"widget\" data-widget_type=\"image.default\">\n\t\t\t\t<div class=\"elementor-widget-container\">\n\t\t\t\t\t\t\t\t\t\t\t\t\t\t\t<img width=\"1024\" height=\"596\" src=\"http:\/\/nmsmetal.com\/wp-content\/uploads\/2022\/01\/123-1024x596.jpg\" class=\"attachment-large size-large\" alt=\"\" loading=\"lazy\" srcset=\"http:\/\/nmsmetal.com\/wp-content\/uploads\/2022\/01\/123-1024x596.jpg 1024w, http:\/\/nmsmetal.com\/wp-content\/uploads\/2022\/01\/123-300x175.jpg 300w, http:\/\/nmsmetal.com\/wp-content\/uploads\/2022\/01\/123-768x447.jpg 768w, http:\/\/nmsmetal.com\/wp-content\/uploads\/2022\/01\/123-1536x895.jpg 1536w, http:\/\/nmsmetal.com\/wp-content\/uploads\/2022\/01\/123.jpg 1600w\" sizes=\"(max-width: 1024px) 100vw, 1024px\" \/>\t\t\t\t\t\t\t\t\t\t\t\t\t\t\t<\/div>\n\t\t\t\t<\/div>\n\t\t\t\t\t<\/div>\n\t\t<\/div>\n\t\t\t\t<div class=\"elementor-column elementor-col-33 elementor-top-column elementor-element elementor-element-d9dddd8\" data-id=\"d9dddd8\" data-element_type=\"column\">\n\t\t\t<div class=\"elementor-widget-wrap elementor-element-populated\">\n\t\t\t\t\t\t\t\t<div class=\"elementor-element elementor-element-06e24df gyan-menu-list-vertical elementor-widget elementor-widget-gyan_menu_list\" data-id=\"06e24df\" data-element_type=\"widget\" data-widget_type=\"gyan_menu_list.default\">\n\t\t\t\t<div class=\"elementor-widget-container\">\n\t\t\t<div class=\"gyan-menu-list\"><div class=\"menu-our-servicess-container\"><ul id=\"menu-our-servicess\" class=\"gyan-menu-list-item gyan-ease-transition\"><li id=\"menu-item-1651\" class=\"menu-item menu-item-type-post_type menu-item-object-page menu-item-1651\"><a href=\"http:\/\/nmsmetal.com\/index.php\/product\/high-carbon-and-alloy-steels\/\">Y\u00dcKSEK KARBONLU VE ALA\u015eIMLI \u00c7EL\u0130KLER<\/a><\/li>\n<li id=\"menu-item-1649\" class=\"menu-item menu-item-type-post_type menu-item-object-page menu-item-1649\"><a href=\"http:\/\/nmsmetal.com\/index.php\/product\/hot-dip-galvanised-steels\/\">GALVAN\u0130Z SAC GRUBU<\/a><\/li>\n<li id=\"menu-item-1650\" class=\"menu-item menu-item-type-post_type menu-item-object-page menu-item-1650\"><a href=\"http:\/\/nmsmetal.com\/index.php\/product\/hot-rolled-steels\/\">HRP- SICAK SAC GRUBU<\/a><\/li>\n<li id=\"menu-item-3293\" class=\"menu-item menu-item-type-post_type menu-item-object-page menu-item-3293\"><a href=\"http:\/\/nmsmetal.com\/index.php\/product\/alusi-ve-magnelis\/\">ALUS\u0130 VE MAGNEL\u0130S<\/a><\/li>\n<li id=\"menu-item-3435\" class=\"menu-item menu-item-type-post_type menu-item-object-page menu-item-3435\"><a href=\"http:\/\/nmsmetal.com\/index.php\/product\/aluminium-alloys\/\">AL\u00dcM\u0130NYUM<\/a><\/li>\n<li id=\"menu-item-3436\" class=\"menu-item menu-item-type-post_type menu-item-object-page menu-item-3436\"><a href=\"http:\/\/nmsmetal.com\/index.php\/product\/tube-section-and-bars\/\">BORU, PROF\u0130L, M\u0130L<\/a><\/li>\n<li id=\"menu-item-3437\" class=\"menu-item menu-item-type-post_type menu-item-object-page menu-item-3437\"><a href=\"http:\/\/nmsmetal.com\/index.php\/product\/cold-rolled-steels\/\">CCR- SO\u011eUK SAC GRUBU<\/a><\/li>\n<li id=\"menu-item-3441\" class=\"menu-item menu-item-type-post_type menu-item-object-page menu-item-3441\"><a href=\"http:\/\/nmsmetal.com\/index.php\/copper-brass-bronze\/\">BAKIR, BRONZ, P\u0130R\u0130N\u00c7<\/a><\/li>\n<\/ul><\/div><\/div>\t\t<\/div>\n\t\t\t\t<\/div>\n\t\t\t\t\t<\/div>\n\t\t<\/div>\n\t\t\t\t\t\t\t<\/div>\n\t\t<\/section>\n\t\t\t\t<section class=\"elementor-section elementor-top-section elementor-element elementor-element-d907e8b elementor-section-boxed elementor-section-height-default elementor-section-height-default\" data-id=\"d907e8b\" data-element_type=\"section\">\n\t\t\t\t\t\t<div class=\"elementor-container elementor-column-gap-default\">\n\t\t\t\t\t<div class=\"elementor-column elementor-col-100 elementor-top-column elementor-element elementor-element-d0bf823\" data-id=\"d0bf823\" data-element_type=\"column\">\n\t\t\t<div class=\"elementor-widget-wrap\">\n\t\t\t\t\t\t\t\t\t<\/div>\n\t\t<\/div>\n\t\t\t\t\t\t\t<\/div>\n\t\t<\/section>\n\t\t\t\t\t\t<\/div>\n\t\t\t\t\t<\/div>\n\t\t","protected":false},"excerpt":{"rendered":"<p>Ham maddesi s\u0131cak haddelenmi\u015f sac olan bu \u00fcr\u00fcnde \u00e7elik so\u011fuk haddeleme tesislerinde i\u015flemden ge\u00e7irilir sonras\u0131nda farkl\u0131 ebat ve kalitelerde so\u011fuk haddelenmi\u015f sac elde edilir. So\u011fuk haddelenmi\u015f rulo sac veya DKP olarak ifade edilir. Kal\u0131nl\u0131klar\u0131 0,40mm ve 4mm aras\u0131nda de\u011fi\u015fir. CR1, CR2, CR3, CR4, CR5 DC01, DC03, DC04, DC06 DP590 \u2013 [&hellip;]<\/p>\n","protected":false},"author":1,"featured_media":0,"parent":1590,"menu_order":0,"comment_status":"closed","ping_status":"closed","template":"elementor_header_footer","meta":[],"_links":{"self":[{"href":"http:\/\/nmsmetal.com\/index.php\/wp-json\/wp\/v2\/pages\/3376"}],"collection":[{"href":"http:\/\/nmsmetal.com\/index.php\/wp-json\/wp\/v2\/pages"}],"about":[{"href":"http:\/\/nmsmetal.com\/index.php\/wp-json\/wp\/v2\/types\/page"}],"author":[{"embeddable":true,"href":"http:\/\/nmsmetal.com\/index.php\/wp-json\/wp\/v2\/users\/1"}],"replies":[{"embeddable":true,"href":"http:\/\/nmsmetal.com\/index.php\/wp-json\/wp\/v2\/comments?post=3376"}],"version-history":[{"count":12,"href":"http:\/\/nmsmetal.com\/index.php\/wp-json\/wp\/v2\/pages\/3376\/revisions"}],"predecessor-version":[{"id":3656,"href":"http:\/\/nmsmetal.com\/index.php\/wp-json\/wp\/v2\/pages\/3376\/revisions\/3656"}],"up":[{"embeddable":true,"href":"http:\/\/nmsmetal.com\/index.php\/wp-json\/wp\/v2\/pages\/1590"}],"wp:attachment":[{"href":"http:\/\/nmsmetal.com\/index.php\/wp-json\/wp\/v2\/media?parent=3376"}],"curies":[{"name":"wp","href":"https:\/\/api.w.org\/{rel}","templated":true}]}}