{"id":3283,"date":"2021-10-11T09:53:57","date_gmt":"2021-10-11T09:53:57","guid":{"rendered":"http:\/\/nmsmetal.com\/?page_id=3283"},"modified":"2022-05-22T17:48:08","modified_gmt":"2022-05-22T17:48:08","slug":"alusi-ve-magnelis","status":"publish","type":"page","link":"http:\/\/nmsmetal.com\/index.php\/product\/alusi-ve-magnelis\/","title":{"rendered":"ALUS\u0130 VE MAGNEL\u0130S"},"content":{"rendered":"\t\t<div data-elementor-type=\"wp-page\" data-elementor-id=\"3283\" class=\"elementor elementor-3283\" data-elementor-settings=\"[]\">\n\t\t\t\t\t\t\t<div class=\"elementor-section-wrap\">\n\t\t\t\t\t\t\t<section class=\"elementor-section elementor-top-section elementor-element elementor-element-43c0a3f elementor-section-boxed elementor-section-height-default elementor-section-height-default\" data-id=\"43c0a3f\" data-element_type=\"section\">\n\t\t\t\t\t\t<div class=\"elementor-container elementor-column-gap-default\">\n\t\t\t\t\t<div class=\"elementor-column elementor-col-66 elementor-top-column elementor-element elementor-element-2bba834\" data-id=\"2bba834\" data-element_type=\"column\">\n\t\t\t<div class=\"elementor-widget-wrap elementor-element-populated\">\n\t\t\t\t\t\t\t\t<div class=\"elementor-element elementor-element-8bc82ed elementor-widget elementor-widget-heading\" data-id=\"8bc82ed\" data-element_type=\"widget\" data-widget_type=\"heading.default\">\n\t\t\t\t<div class=\"elementor-widget-container\">\n\t\t\t<h2 class=\"elementor-heading-title elementor-size-default\">ALUS\u0130 VE MAGNEL\u0130S<\/h2>\t\t<\/div>\n\t\t\t\t<\/div>\n\t\t\t\t<div class=\"elementor-element elementor-element-66fdb1d elementor-widget elementor-widget-text-editor\" data-id=\"66fdb1d\" data-element_type=\"widget\" data-widget_type=\"text-editor.default\">\n\t\t\t\t<div class=\"elementor-widget-container\">\n\t\t\t\t\t\t\t<p>DX51D+AS DX53D+AS DX51D+AZ DX53D+AZ S350GD+AS<\/p>\t\t\t\t\t\t<\/div>\n\t\t\t\t<\/div>\n\t\t\t\t<section class=\"elementor-section elementor-inner-section elementor-element elementor-element-8a3809b elementor-section-boxed elementor-section-height-default elementor-section-height-default\" data-id=\"8a3809b\" data-element_type=\"section\">\n\t\t\t\t\t\t<div class=\"elementor-container elementor-column-gap-default\">\n\t\t\t\t\t<div class=\"elementor-column elementor-col-50 elementor-inner-column elementor-element elementor-element-98ca993\" data-id=\"98ca993\" data-element_type=\"column\">\n\t\t\t<div class=\"elementor-widget-wrap elementor-element-populated\">\n\t\t\t\t\t\t\t\t<div class=\"elementor-element elementor-element-5901900 elementor-widget elementor-widget-image\" data-id=\"5901900\" data-element_type=\"widget\" data-widget_type=\"image.default\">\n\t\t\t\t<div class=\"elementor-widget-container\">\n\t\t\t\t\t\t\t\t\t\t\t\t\t\t\t<img width=\"330\" height=\"178\" src=\"http:\/\/nmsmetal.com\/wp-content\/uploads\/2021\/10\/2.jpg\" class=\"attachment-large size-large\" alt=\"\" loading=\"lazy\" srcset=\"http:\/\/nmsmetal.com\/wp-content\/uploads\/2021\/10\/2.jpg 330w, http:\/\/nmsmetal.com\/wp-content\/uploads\/2021\/10\/2-300x162.jpg 300w\" sizes=\"(max-width: 330px) 100vw, 330px\" \/>\t\t\t\t\t\t\t\t\t\t\t\t\t\t\t<\/div>\n\t\t\t\t<\/div>\n\t\t\t\t\t<\/div>\n\t\t<\/div>\n\t\t\t\t<div class=\"elementor-column elementor-col-50 elementor-inner-column elementor-element elementor-element-4b6636b\" data-id=\"4b6636b\" data-element_type=\"column\">\n\t\t\t<div class=\"elementor-widget-wrap elementor-element-populated\">\n\t\t\t\t\t\t\t\t<div class=\"elementor-element elementor-element-5e37047 elementor-widget elementor-widget-image\" data-id=\"5e37047\" data-element_type=\"widget\" data-widget_type=\"image.default\">\n\t\t\t\t<div class=\"elementor-widget-container\">\n\t\t\t\t\t\t\t\t\t\t\t\t\t\t\t<img width=\"330\" height=\"179\" src=\"http:\/\/nmsmetal.com\/wp-content\/uploads\/2021\/10\/1-1.jpg\" class=\"attachment-large size-large\" alt=\"\" loading=\"lazy\" srcset=\"http:\/\/nmsmetal.com\/wp-content\/uploads\/2021\/10\/1-1.jpg 330w, http:\/\/nmsmetal.com\/wp-content\/uploads\/2021\/10\/1-1-300x163.jpg 300w\" sizes=\"(max-width: 330px) 100vw, 330px\" \/>\t\t\t\t\t\t\t\t\t\t\t\t\t\t\t<\/div>\n\t\t\t\t<\/div>\n\t\t\t\t\t<\/div>\n\t\t<\/div>\n\t\t\t\t\t\t\t<\/div>\n\t\t<\/section>\n\t\t\t\t\t<\/div>\n\t\t<\/div>\n\t\t\t\t<div class=\"elementor-column elementor-col-33 elementor-top-column elementor-element elementor-element-4e04ca4\" data-id=\"4e04ca4\" data-element_type=\"column\">\n\t\t\t<div class=\"elementor-widget-wrap elementor-element-populated\">\n\t\t\t\t\t\t\t\t<div class=\"elementor-element elementor-element-fcf1893 gyan-menu-list-vertical elementor-widget elementor-widget-gyan_menu_list\" data-id=\"fcf1893\" data-element_type=\"widget\" data-widget_type=\"gyan_menu_list.default\">\n\t\t\t\t<div class=\"elementor-widget-container\">\n\t\t\t<div class=\"gyan-menu-list\"><div class=\"menu-our-servicess-container\"><ul id=\"menu-our-servicess\" class=\"gyan-menu-list-item gyan-ease-transition\"><li id=\"menu-item-1651\" class=\"menu-item menu-item-type-post_type menu-item-object-page menu-item-1651\"><a href=\"http:\/\/nmsmetal.com\/index.php\/product\/high-carbon-and-alloy-steels\/\">Y\u00dcKSEK KARBONLU VE ALA\u015eIMLI \u00c7EL\u0130KLER<\/a><\/li>\n<li id=\"menu-item-1649\" class=\"menu-item menu-item-type-post_type menu-item-object-page menu-item-1649\"><a href=\"http:\/\/nmsmetal.com\/index.php\/product\/hot-dip-galvanised-steels\/\">GALVAN\u0130Z SAC GRUBU<\/a><\/li>\n<li id=\"menu-item-1650\" class=\"menu-item menu-item-type-post_type menu-item-object-page menu-item-1650\"><a href=\"http:\/\/nmsmetal.com\/index.php\/product\/hot-rolled-steels\/\">HRP- SICAK SAC GRUBU<\/a><\/li>\n<li id=\"menu-item-3293\" class=\"menu-item menu-item-type-post_type menu-item-object-page menu-item-3293\"><a href=\"http:\/\/nmsmetal.com\/index.php\/product\/alusi-ve-magnelis\/\">ALUS\u0130 VE MAGNEL\u0130S<\/a><\/li>\n<li id=\"menu-item-3435\" class=\"menu-item menu-item-type-post_type menu-item-object-page menu-item-3435\"><a href=\"http:\/\/nmsmetal.com\/index.php\/product\/aluminium-alloys\/\">AL\u00dcM\u0130NYUM<\/a><\/li>\n<li id=\"menu-item-3436\" class=\"menu-item menu-item-type-post_type menu-item-object-page menu-item-3436\"><a href=\"http:\/\/nmsmetal.com\/index.php\/product\/tube-section-and-bars\/\">BORU, PROF\u0130L, M\u0130L<\/a><\/li>\n<li id=\"menu-item-3437\" class=\"menu-item menu-item-type-post_type menu-item-object-page menu-item-3437\"><a href=\"http:\/\/nmsmetal.com\/index.php\/product\/cold-rolled-steels\/\">CCR- SO\u011eUK SAC GRUBU<\/a><\/li>\n<li id=\"menu-item-3441\" class=\"menu-item menu-item-type-post_type menu-item-object-page menu-item-3441\"><a href=\"http:\/\/nmsmetal.com\/index.php\/copper-brass-bronze\/\">BAKIR, BRONZ, P\u0130R\u0130N\u00c7<\/a><\/li>\n<\/ul><\/div><\/div>\t\t<\/div>\n\t\t\t\t<\/div>\n\t\t\t\t<div class=\"elementor-element elementor-element-4193eac gyan-infobox-align-left gyan-infobox-position-top gyan-infobox-center-no gyan-hover-animation-none gyan-animation-box-fade elementor-widget elementor-widget-gyan_info_box\" data-id=\"4193eac\" data-element_type=\"widget\" data-widget_type=\"gyan_info_box.default\">\n\t\t\t\t<div class=\"elementor-widget-container\">\n\t\t\t\n\t\t<div class=\"gyan-info-box gyan-animation-box gyan-ease-transition\">\n\n\t\t\t\n\t\t\t\n\t\t\t\t<div class=\"gyan-infobox-icon-holder gyan-ease-transition\">\n\n\t\t\t\t\t\n\t\t\t\t\t\t\t\t\t\t\t<a href=\"#\" class=\"gyan-infobox-link\"><\/a>\n\t\t\t\t\t\n\t\t\t\t\t\t\t\t\t\t\t<span class=\"gyan-infobox-icon gyan-icon gyan-ease-transition\"><\/span>\n\t\t\t\t\t\n\t\t\t\t\t\n\t\t\t\t\t\n\t\t\t\t<\/div>\n\n\t\t\t\n\t\t\t<div class=\"gyan-infobox-content-holder\">\n\n\t\t\t\t\n\t\t\t\t\n\t\t\t\t\n\t\t\t\t\n\t\t\t\t<div class=\"clear\"><\/div>\n\t\t\t<\/div>\n\t\t<\/div>\n\t\t\t<\/div>\n\t\t\t\t<\/div>\n\t\t\t\t\t<\/div>\n\t\t<\/div>\n\t\t\t\t\t\t\t<\/div>\n\t\t<\/section>\n\t\t\t\t\t\t<\/div>\n\t\t\t\t\t<\/div>\n\t\t","protected":false},"excerpt":{"rendered":"<p>ALUS\u0130 VE MAGNEL\u0130S DX51D+AS DX53D+AS DX51D+AZ DX53D+AZ S350GD+AS Y\u00dcKSEK KARBONLU VE ALA\u015eIMLI \u00c7EL\u0130KLER GALVAN\u0130Z SAC GRUBU HRP- SICAK SAC GRUBU Alusi And Magnelis Coating Steels AL\u00dcM\u0130NYUM BORU, PROF\u0130L, M\u0130L CCR- SO\u011eUK SAC GRUBU BAKIR, BRONZ, P\u0130R\u0130N\u00c7<\/p>\n","protected":false},"author":1,"featured_media":0,"parent":1590,"menu_order":0,"comment_status":"closed","ping_status":"closed","template":"elementor_header_footer","meta":[],"_links":{"self":[{"href":"http:\/\/nmsmetal.com\/index.php\/wp-json\/wp\/v2\/pages\/3283"}],"collection":[{"href":"http:\/\/nmsmetal.com\/index.php\/wp-json\/wp\/v2\/pages"}],"about":[{"href":"http:\/\/nmsmetal.com\/index.php\/wp-json\/wp\/v2\/types\/page"}],"author":[{"embeddable":true,"href":"http:\/\/nmsmetal.com\/index.php\/wp-json\/wp\/v2\/users\/1"}],"replies":[{"embeddable":true,"href":"http:\/\/nmsmetal.com\/index.php\/wp-json\/wp\/v2\/comments?post=3283"}],"version-history":[{"count":18,"href":"http:\/\/nmsmetal.com\/index.php\/wp-json\/wp\/v2\/pages\/3283\/revisions"}],"predecessor-version":[{"id":3684,"href":"http:\/\/nmsmetal.com\/index.php\/wp-json\/wp\/v2\/pages\/3283\/revisions\/3684"}],"up":[{"embeddable":true,"href":"http:\/\/nmsmetal.com\/index.php\/wp-json\/wp\/v2\/pages\/1590"}],"wp:attachment":[{"href":"http:\/\/nmsmetal.com\/index.php\/wp-json\/wp\/v2\/media?parent=3283"}],"curies":[{"name":"wp","href":"https:\/\/api.w.org\/{rel}","templated":true}]}}