{"id":1601,"date":"2021-03-30T19:07:05","date_gmt":"2021-03-30T19:07:05","guid":{"rendered":"http:\/\/nmsmetal.com\/index.php\/about-us\/"},"modified":"2022-05-22T16:07:01","modified_gmt":"2022-05-22T16:07:01","slug":"about-us","status":"publish","type":"page","link":"http:\/\/nmsmetal.com\/index.php\/about-us\/","title":{"rendered":"HAKKIMIZDA"},"content":{"rendered":"\t\t<div data-elementor-type=\"wp-page\" data-elementor-id=\"1601\" class=\"elementor elementor-1601\" data-elementor-settings=\"[]\">\n\t\t\t\t\t\t\t<div class=\"elementor-section-wrap\">\n\t\t\t\t\t\t\t<section class=\"elementor-section elementor-top-section elementor-element elementor-element-4218c7e1 elementor-section-stretched elementor-section-boxed elementor-section-height-default elementor-section-height-default\" data-id=\"4218c7e1\" data-element_type=\"section\" data-settings=\"{&quot;stretch_section&quot;:&quot;section-stretched&quot;,&quot;background_background&quot;:&quot;classic&quot;}\">\n\t\t\t\t\t\t\t<div class=\"elementor-background-overlay\"><\/div>\n\t\t\t\t\t\t\t<div class=\"elementor-container elementor-column-gap-no\">\n\t\t\t\t\t<div class=\"elementor-column elementor-col-100 elementor-top-column elementor-element elementor-element-65fe261d\" data-id=\"65fe261d\" data-element_type=\"column\">\n\t\t\t<div class=\"elementor-widget-wrap elementor-element-populated\">\n\t\t\t\t\t\t\t\t<div class=\"elementor-element elementor-element-597dc15d gyan-title-st-line-after gyan-title-desc-left elementor-widget elementor-widget-gyan_title\" data-id=\"597dc15d\" data-element_type=\"widget\" data-widget_type=\"gyan_title.default\">\n\t\t\t\t<div class=\"elementor-widget-container\">\n\t\t\t\t\t<div class=\"gyan-title\">\r\n\t\t\t<div class=\"gyan-title-subtitle\"><span>NMS Metal<\/span><\/div><div class=\"gyan-title-desc\">NMS METAL sekt\u00f6rde \u00f6nc\u00fc \u00e7elik \u00fcreticileri i\u015f birli\u011fi i\u00e7erisinde olup, \u00fcretim esasl\u0131 firmalara y\u00f6nelik, g\u00fc\u00e7l\u00fc kadrosu ve g\u00fc\u00e7l\u00fc malzeme yelpazesiyle T\u00fcrkiye sanayisine b\u00fcy\u00fck katk\u0131 ve de\u011ferler kazand\u0131rmay\u0131 hedeflemi\u015ftir. 2020 y\u0131l\u0131nda aktif ve dinamik ekibiyle \u201cTEK\u0130RDA\u011e ASB\u201d merkezli depolama tesisinin de g\u00fcc\u00fcne dayanarak T\u00fcrkiye pazar\u0131nda h\u0131zl\u0131 bir tedarik a\u011f\u0131 kurmakla beraber firmalar\u0131n isteklerine y\u00f6nelik y\u00fcksek kalite esas\u0131na dayanarak T\u00fcrkiye piyasas\u0131nda \u00f6nemli rol oynayan \u00fcretici firmalara hizmet vermektedir.<\/div>\t\t<\/div>\r\n\t\t\t\t<\/div>\n\t\t\t\t<\/div>\n\t\t\t\t<section class=\"elementor-section elementor-inner-section elementor-element elementor-element-7751ef38 elementor-section-boxed elementor-section-height-default elementor-section-height-default\" data-id=\"7751ef38\" data-element_type=\"section\">\n\t\t\t\t\t\t<div class=\"elementor-container elementor-column-gap-no\">\n\t\t\t\t\t<div class=\"elementor-column elementor-col-50 elementor-inner-column elementor-element elementor-element-77f00b01\" data-id=\"77f00b01\" data-element_type=\"column\">\n\t\t\t<div class=\"elementor-widget-wrap elementor-element-populated\">\n\t\t\t\t\t\t\t\t<div class=\"elementor-element elementor-element-a0438ff elementor-widget elementor-widget-gyan_title\" data-id=\"a0438ff\" data-element_type=\"widget\" data-widget_type=\"gyan_title.default\">\n\t\t\t\t<div class=\"elementor-widget-container\">\n\t\t\t\t\t<div class=\"gyan-title\">\r\n\t\t\t\t\t<\/div>\r\n\t\t\t\t<\/div>\n\t\t\t\t<\/div>\n\t\t\t\t<div class=\"elementor-element elementor-element-66731fe7 elementor-widget elementor-widget-heading\" data-id=\"66731fe7\" data-element_type=\"widget\" data-widget_type=\"heading.default\">\n\t\t\t\t<div class=\"elementor-widget-container\">\n\t\t\t<h2 class=\"elementor-heading-title elementor-size-default\">V\u0130ZYON<\/h2>\t\t<\/div>\n\t\t\t\t<\/div>\n\t\t\t\t<div class=\"elementor-element elementor-element-3830b8f7 elementor-widget elementor-widget-text-editor\" data-id=\"3830b8f7\" data-element_type=\"widget\" data-widget_type=\"text-editor.default\">\n\t\t\t\t<div class=\"elementor-widget-container\">\n\t\t\t\t\t\t\t<p>Bilgi birikimi ve tecr\u00fcbesiyle sekt\u00f6rde \u00f6nc\u00fc olabilmek i\u00e7in \u00fcr\u00fcnde, hizmette kaliteden \u00f6d\u00fcn vermeyen, sayg\u0131n, istikrarl\u0131, g\u00fcvenilir ve payla\u015f\u0131mc\u0131 bir yap\u0131ya sahip olmak.<\/p>\t\t\t\t\t\t<\/div>\n\t\t\t\t<\/div>\n\t\t\t\t<div class=\"elementor-element elementor-element-1d0670aa elementor-widget elementor-widget-heading\" data-id=\"1d0670aa\" data-element_type=\"widget\" data-widget_type=\"heading.default\">\n\t\t\t\t<div class=\"elementor-widget-container\">\n\t\t\t<h1 class=\"elementor-heading-title elementor-size-default\">M\u0130SYON<\/h1>\t\t<\/div>\n\t\t\t\t<\/div>\n\t\t\t\t<div class=\"elementor-element elementor-element-585f94e1 elementor-widget elementor-widget-text-editor\" data-id=\"585f94e1\" data-element_type=\"widget\" data-widget_type=\"text-editor.default\">\n\t\t\t\t<div class=\"elementor-widget-container\">\n\t\t\t\t\t\t\t<p>Ulusal \u00fcretime kendi sekt\u00f6r\u00fcnde katk\u0131 sa\u011flayan, etik de\u011ferlere ba\u011fl\u0131, topluma kar\u015f\u0131 sorumluluk duygusu ta\u015f\u0131yan dinamik ve yenilik\u00e7i bir kurum olmak.<\/p>\t\t\t\t\t\t<\/div>\n\t\t\t\t<\/div>\n\t\t\t\t<div class=\"elementor-element elementor-element-51301bb1 elementor-widget elementor-widget-image\" data-id=\"51301bb1\" data-element_type=\"widget\" data-widget_type=\"image.default\">\n\t\t\t\t<div class=\"elementor-widget-container\">\n\t\t\t\t\t\t\t\t\t\t\t\t\t\t\t<img width=\"224\" height=\"189\" src=\"http:\/\/nmsmetal.com\/wp-content\/uploads\/2021\/03\/about-dot-curve.jpg\" class=\"attachment-large size-large\" alt=\"\" loading=\"lazy\" \/>\t\t\t\t\t\t\t\t\t\t\t\t\t\t\t<\/div>\n\t\t\t\t<\/div>\n\t\t\t\t\t<\/div>\n\t\t<\/div>\n\t\t\t\t<div class=\"elementor-column elementor-col-50 elementor-inner-column elementor-element elementor-element-34e7d723\" data-id=\"34e7d723\" data-element_type=\"column\">\n\t\t\t<div class=\"elementor-widget-wrap elementor-element-populated\">\n\t\t\t\t\t\t\t\t<div class=\"elementor-element elementor-element-8ba9baf elementor-widget elementor-widget-image\" data-id=\"8ba9baf\" data-element_type=\"widget\" data-widget_type=\"image.default\">\n\t\t\t\t<div class=\"elementor-widget-container\">\n\t\t\t\t\t\t\t\t\t\t\t\t\t\t\t<img width=\"707\" height=\"819\" src=\"http:\/\/nmsmetal.com\/wp-content\/uploads\/2021\/10\/about-welcome-1.jpg\" class=\"attachment-full size-full\" alt=\"\" loading=\"lazy\" srcset=\"http:\/\/nmsmetal.com\/wp-content\/uploads\/2021\/10\/about-welcome-1.jpg 707w, http:\/\/nmsmetal.com\/wp-content\/uploads\/2021\/10\/about-welcome-1-259x300.jpg 259w\" sizes=\"(max-width: 707px) 100vw, 707px\" \/>\t\t\t\t\t\t\t\t\t\t\t\t\t\t\t<\/div>\n\t\t\t\t<\/div>\n\t\t\t\t<div class=\"elementor-element elementor-element-7089fd5e elementor-widget elementor-widget-spacer\" data-id=\"7089fd5e\" data-element_type=\"widget\" data-widget_type=\"spacer.default\">\n\t\t\t\t<div class=\"elementor-widget-container\">\n\t\t\t\t\t<div class=\"elementor-spacer\">\n\t\t\t<div class=\"elementor-spacer-inner\"><\/div>\n\t\t<\/div>\n\t\t\t\t<\/div>\n\t\t\t\t<\/div>\n\t\t\t\t\t<\/div>\n\t\t<\/div>\n\t\t\t\t\t\t\t<\/div>\n\t\t<\/section>\n\t\t\t\t\t<\/div>\n\t\t<\/div>\n\t\t\t\t\t\t\t<\/div>\n\t\t<\/section>\n\t\t\t\t\t\t<\/div>\n\t\t\t\t\t<\/div>\n\t\t","protected":false},"excerpt":{"rendered":"<p>NMS MetalNMS METAL sekt\u00f6rde \u00f6nc\u00fc \u00e7elik \u00fcreticileri i\u015f birli\u011fi i\u00e7erisinde olup, \u00fcretim esasl\u0131 firmalara y\u00f6nelik, g\u00fc\u00e7l\u00fc kadrosu ve g\u00fc\u00e7l\u00fc malzeme yelpazesiyle T\u00fcrkiye sanayisine b\u00fcy\u00fck katk\u0131 ve de\u011ferler kazand\u0131rmay\u0131 hedeflemi\u015ftir. 2020 y\u0131l\u0131nda aktif ve dinamik ekibiyle \u201cTEK\u0130RDA\u011e ASB\u201d merkezli depolama tesisinin de g\u00fcc\u00fcne dayanarak T\u00fcrkiye pazar\u0131nda h\u0131zl\u0131 bir tedarik a\u011f\u0131 kurmakla [&hellip;]<\/p>\n","protected":false},"author":1,"featured_media":0,"parent":0,"menu_order":0,"comment_status":"closed","ping_status":"closed","template":"elementor_header_footer","meta":[],"_links":{"self":[{"href":"http:\/\/nmsmetal.com\/index.php\/wp-json\/wp\/v2\/pages\/1601"}],"collection":[{"href":"http:\/\/nmsmetal.com\/index.php\/wp-json\/wp\/v2\/pages"}],"about":[{"href":"http:\/\/nmsmetal.com\/index.php\/wp-json\/wp\/v2\/types\/page"}],"author":[{"embeddable":true,"href":"http:\/\/nmsmetal.com\/index.php\/wp-json\/wp\/v2\/users\/1"}],"replies":[{"embeddable":true,"href":"http:\/\/nmsmetal.com\/index.php\/wp-json\/wp\/v2\/comments?post=1601"}],"version-history":[{"count":48,"href":"http:\/\/nmsmetal.com\/index.php\/wp-json\/wp\/v2\/pages\/1601\/revisions"}],"predecessor-version":[{"id":3571,"href":"http:\/\/nmsmetal.com\/index.php\/wp-json\/wp\/v2\/pages\/1601\/revisions\/3571"}],"wp:attachment":[{"href":"http:\/\/nmsmetal.com\/index.php\/wp-json\/wp\/v2\/media?parent=1601"}],"curies":[{"name":"wp","href":"https:\/\/api.w.org\/{rel}","templated":true}]}}