{"id":1592,"date":"2021-03-30T19:06:14","date_gmt":"2021-03-30T19:06:14","guid":{"rendered":""},"modified":"2022-05-22T17:40:43","modified_gmt":"2022-05-22T17:40:43","slug":"hot-rolled-steels","status":"publish","type":"page","link":"http:\/\/nmsmetal.com\/index.php\/product\/hot-rolled-steels\/","title":{"rendered":"HRP- SICAK SAC GRUBU"},"content":{"rendered":"\t\t<div data-elementor-type=\"wp-page\" data-elementor-id=\"1592\" class=\"elementor elementor-1592\" data-elementor-settings=\"[]\">\n\t\t\t\t\t\t\t<div class=\"elementor-section-wrap\">\n\t\t\t\t\t\t\t<section class=\"elementor-section elementor-top-section elementor-element elementor-element-2663da2c elementor-section-stretched elementor-section-boxed elementor-section-height-default elementor-section-height-default\" data-id=\"2663da2c\" data-element_type=\"section\" data-settings=\"{&quot;stretch_section&quot;:&quot;section-stretched&quot;}\">\n\t\t\t\t\t\t<div class=\"elementor-container elementor-column-gap-no\">\n\t\t\t\t\t<div class=\"elementor-column elementor-col-66 elementor-top-column elementor-element elementor-element-38ae0e06\" data-id=\"38ae0e06\" data-element_type=\"column\">\n\t\t\t<div class=\"elementor-widget-wrap elementor-element-populated\">\n\t\t\t\t\t\t\t\t<section class=\"elementor-section elementor-inner-section elementor-element elementor-element-f8352c8 elementor-section-boxed elementor-section-height-default elementor-section-height-default\" data-id=\"f8352c8\" data-element_type=\"section\">\n\t\t\t\t\t\t<div class=\"elementor-container elementor-column-gap-no\">\n\t\t\t\t\t<div class=\"elementor-column elementor-col-100 elementor-inner-column elementor-element elementor-element-687aa656\" data-id=\"687aa656\" data-element_type=\"column\">\n\t\t\t<div class=\"elementor-widget-wrap elementor-element-populated\">\n\t\t\t\t\t\t\t\t<div class=\"elementor-element elementor-element-2fb41f2f gyan-title-desc-left elementor-widget elementor-widget-gyan_title\" data-id=\"2fb41f2f\" data-element_type=\"widget\" data-widget_type=\"gyan_title.default\">\n\t\t\t\t<div class=\"elementor-widget-container\">\n\t\t\t\t\t<div class=\"gyan-title\">\r\n\t\t\t<h2 class=\"gyan-title-heading\">HRP- SICAK SAC GRUBU<\/h2><div class=\"gyan-title-desc\">S\u0131cak haddelenmi\u015f rulo saclar, haddeleme i\u015flemi s\u0131ras\u0131nda y\u00fczey p\u00fcr\u00fczl\u00fc kal\u0131r. Sac\u0131n HRP formuna girebilmesi i\u00e7in asitleme hatlar\u0131nda s\u0131cak haddelenmi\u015f saclar asitlenir ve b\u00f6ylelikle y\u00fczeyi temizlenmi\u015f olur. \n\nDD11 , DD13, DD14,\n\nS235JR, S275JR, S235J2+N \n\nS315MC, S355JR, S355MC, S355J0, S355J2\n\nS420MC, S500MC, S550MC, S600MC, S700MC\n<\/div>\t\t<\/div>\r\n\t\t\t\t<\/div>\n\t\t\t\t<\/div>\n\t\t\t\t\t<\/div>\n\t\t<\/div>\n\t\t\t\t\t\t\t<\/div>\n\t\t<\/section>\n\t\t\t\t<section class=\"elementor-section elementor-inner-section elementor-element elementor-element-7655e950 elementor-section-boxed elementor-section-height-default elementor-section-height-default\" data-id=\"7655e950\" data-element_type=\"section\">\n\t\t\t\t\t\t<div class=\"elementor-container elementor-column-gap-no\">\n\t\t\t\t\t<div class=\"elementor-column elementor-col-50 elementor-inner-column elementor-element elementor-element-7200c449\" data-id=\"7200c449\" data-element_type=\"column\">\n\t\t\t<div class=\"elementor-widget-wrap elementor-element-populated\">\n\t\t\t\t\t\t\t\t<div class=\"elementor-element elementor-element-1e43e4ae elementor-widget elementor-widget-image\" data-id=\"1e43e4ae\" data-element_type=\"widget\" data-widget_type=\"image.default\">\n\t\t\t\t<div class=\"elementor-widget-container\">\n\t\t\t\t\t\t\t\t\t\t\t\t\t\t\t<img width=\"330\" height=\"178\" src=\"http:\/\/nmsmetal.com\/wp-content\/uploads\/2021\/10\/2.jpg\" class=\"attachment-full size-full\" alt=\"\" loading=\"lazy\" srcset=\"http:\/\/nmsmetal.com\/wp-content\/uploads\/2021\/10\/2.jpg 330w, http:\/\/nmsmetal.com\/wp-content\/uploads\/2021\/10\/2-300x162.jpg 300w\" sizes=\"(max-width: 330px) 100vw, 330px\" \/>\t\t\t\t\t\t\t\t\t\t\t\t\t\t\t<\/div>\n\t\t\t\t<\/div>\n\t\t\t\t\t<\/div>\n\t\t<\/div>\n\t\t\t\t<div class=\"elementor-column elementor-col-50 elementor-inner-column elementor-element elementor-element-5d4698a4\" data-id=\"5d4698a4\" data-element_type=\"column\">\n\t\t\t<div class=\"elementor-widget-wrap elementor-element-populated\">\n\t\t\t\t\t\t\t\t<div class=\"elementor-element elementor-element-5d0813c3 elementor-widget elementor-widget-image\" data-id=\"5d0813c3\" data-element_type=\"widget\" data-widget_type=\"image.default\">\n\t\t\t\t<div class=\"elementor-widget-container\">\n\t\t\t\t\t\t\t\t\t\t\t\t\t\t\t<img width=\"330\" height=\"179\" src=\"http:\/\/nmsmetal.com\/wp-content\/uploads\/2021\/10\/1-1.jpg\" class=\"attachment-large size-large\" alt=\"\" loading=\"lazy\" srcset=\"http:\/\/nmsmetal.com\/wp-content\/uploads\/2021\/10\/1-1.jpg 330w, http:\/\/nmsmetal.com\/wp-content\/uploads\/2021\/10\/1-1-300x163.jpg 300w\" sizes=\"(max-width: 330px) 100vw, 330px\" \/>\t\t\t\t\t\t\t\t\t\t\t\t\t\t\t<\/div>\n\t\t\t\t<\/div>\n\t\t\t\t\t<\/div>\n\t\t<\/div>\n\t\t\t\t\t\t\t<\/div>\n\t\t<\/section>\n\t\t\t\t\t<\/div>\n\t\t<\/div>\n\t\t\t\t<div class=\"elementor-column elementor-col-33 elementor-top-column elementor-element elementor-element-6556041f\" data-id=\"6556041f\" data-element_type=\"column\">\n\t\t\t<div class=\"elementor-widget-wrap elementor-element-populated\">\n\t\t\t\t\t\t\t\t<section class=\"elementor-section elementor-inner-section elementor-element elementor-element-2128b45c elementor-section-boxed elementor-section-height-default elementor-section-height-default\" data-id=\"2128b45c\" data-element_type=\"section\">\n\t\t\t\t\t\t<div class=\"elementor-container elementor-column-gap-no\">\n\t\t\t\t\t<div class=\"elementor-column elementor-col-100 elementor-inner-column elementor-element elementor-element-31b855a5\" data-id=\"31b855a5\" data-element_type=\"column\">\n\t\t\t<div class=\"elementor-widget-wrap elementor-element-populated\">\n\t\t\t\t\t\t\t\t<div class=\"elementor-element elementor-element-471718db gyan-menu-list-vertical elementor-widget elementor-widget-gyan_menu_list\" data-id=\"471718db\" data-element_type=\"widget\" data-widget_type=\"gyan_menu_list.default\">\n\t\t\t\t<div class=\"elementor-widget-container\">\n\t\t\t<div class=\"gyan-menu-list\"><div class=\"menu-our-servicess-container\"><ul id=\"menu-our-servicess\" class=\"gyan-menu-list-item gyan-ease-transition\"><li id=\"menu-item-1651\" class=\"menu-item menu-item-type-post_type menu-item-object-page menu-item-1651\"><a href=\"http:\/\/nmsmetal.com\/index.php\/product\/high-carbon-and-alloy-steels\/\">Y\u00dcKSEK KARBONLU VE ALA\u015eIMLI \u00c7EL\u0130KLER<\/a><\/li>\n<li id=\"menu-item-1649\" class=\"menu-item menu-item-type-post_type menu-item-object-page menu-item-1649\"><a href=\"http:\/\/nmsmetal.com\/index.php\/product\/hot-dip-galvanised-steels\/\">GALVAN\u0130Z SAC GRUBU<\/a><\/li>\n<li id=\"menu-item-1650\" class=\"menu-item menu-item-type-post_type menu-item-object-page menu-item-1650\"><a href=\"http:\/\/nmsmetal.com\/index.php\/product\/hot-rolled-steels\/\">HRP- SICAK SAC GRUBU<\/a><\/li>\n<li id=\"menu-item-3293\" class=\"menu-item menu-item-type-post_type menu-item-object-page menu-item-3293\"><a href=\"http:\/\/nmsmetal.com\/index.php\/product\/alusi-ve-magnelis\/\">ALUS\u0130 VE MAGNEL\u0130S<\/a><\/li>\n<li id=\"menu-item-3435\" class=\"menu-item menu-item-type-post_type menu-item-object-page menu-item-3435\"><a href=\"http:\/\/nmsmetal.com\/index.php\/product\/aluminium-alloys\/\">AL\u00dcM\u0130NYUM<\/a><\/li>\n<li id=\"menu-item-3436\" class=\"menu-item menu-item-type-post_type menu-item-object-page menu-item-3436\"><a href=\"http:\/\/nmsmetal.com\/index.php\/product\/tube-section-and-bars\/\">BORU, PROF\u0130L, M\u0130L<\/a><\/li>\n<li id=\"menu-item-3437\" class=\"menu-item menu-item-type-post_type menu-item-object-page menu-item-3437\"><a href=\"http:\/\/nmsmetal.com\/index.php\/product\/cold-rolled-steels\/\">CCR- SO\u011eUK SAC GRUBU<\/a><\/li>\n<li id=\"menu-item-3441\" class=\"menu-item menu-item-type-post_type menu-item-object-page menu-item-3441\"><a href=\"http:\/\/nmsmetal.com\/index.php\/copper-brass-bronze\/\">BAKIR, BRONZ, P\u0130R\u0130N\u00c7<\/a><\/li>\n<\/ul><\/div><\/div>\t\t<\/div>\n\t\t\t\t<\/div>\n\t\t\t\t\t<\/div>\n\t\t<\/div>\n\t\t\t\t\t\t\t<\/div>\n\t\t<\/section>\n\t\t\t\t<section class=\"elementor-section elementor-inner-section elementor-element elementor-element-69df4241 elementor-section-boxed elementor-section-height-default elementor-section-height-default\" data-id=\"69df4241\" data-element_type=\"section\">\n\t\t\t\t\t\t<div class=\"elementor-container elementor-column-gap-no\">\n\t\t\t\t\t<div class=\"elementor-column elementor-col-100 elementor-inner-column elementor-element elementor-element-97f61f6\" data-id=\"97f61f6\" data-element_type=\"column\" data-settings=\"{&quot;background_background&quot;:&quot;classic&quot;}\">\n\t\t\t<div class=\"elementor-widget-wrap elementor-element-populated\">\n\t\t\t\t\t\t\t\t<div class=\"elementor-element elementor-element-2d42d2f8 gyan-infobox-align-left gyan-infobox-fullwidth-button-yes gyan-infobox-position-top gyan-infobox-center-no gyan-hover-animation-none gyan-animation-box-fade elementor-widget elementor-widget-gyan_info_box\" data-id=\"2d42d2f8\" data-element_type=\"widget\" data-widget_type=\"gyan_info_box.default\">\n\t\t\t\t<div class=\"elementor-widget-container\">\n\t\t\t\n\t\t<div class=\"gyan-info-box gyan-animation-box gyan-ease-transition\">\n\n\t\t\t\n\t\t\t\n\t\t\t\t<div class=\"gyan-infobox-icon-holder gyan-ease-transition\">\n\n\t\t\t\t\t\n\t\t\t\t\t\n\t\t\t\t\t\t\t\t\t\t\t<span class=\"gyan-infobox-icon gyan-icon gyan-ease-transition\"><\/span>\n\t\t\t\t\t\n\t\t\t\t\t\n\t\t\t\t\t\n\t\t\t\t<\/div>\n\n\t\t\t\n\t\t\t<div class=\"gyan-infobox-content-holder\">\n\n\t\t\t\t\n\t\t\t\t\t<h4 class=\"gyan-infobox-title gyan-ease-transition\">\n\t\t\t\t\t\t\t\t\t\t\t\tAbout Us\t\t\t\t\t\t\t\t\t\t\t<\/h4>\n\n\t\t\t\t\n\t\t\t\t\n\t\t\t\t\n\t\t\t\t\t<div class=\"gyan-infobox-content gyan-ease-transition\">\n\t\t\t\t\t\tOur company, which we established based in Tekirda\u011f; has taken its place in the sector as a solution partner in special metals and serves \t\t\t\t\t<\/div>\n\n\t\t\t\t\n\t\t\t\t\t\t\t\t\t\t<a href=\"http:\/\/nmsmetal.com\/index.php\/about-us\/\" class=\"gyan-infobox-link gyan-info-box-button gyan-ease-transition\" target=\"_blank\"><span>About Us<\/span><\/a>\n\n\t\t\t\t\n\t\t\t\t<div class=\"clear\"><\/div>\n\t\t\t<\/div>\n\t\t<\/div>\n\t\t\t<\/div>\n\t\t\t\t<\/div>\n\t\t\t\t\t<\/div>\n\t\t<\/div>\n\t\t\t\t\t\t\t<\/div>\n\t\t<\/section>\n\t\t\t\t\t<\/div>\n\t\t<\/div>\n\t\t\t\t\t\t\t<\/div>\n\t\t<\/section>\n\t\t\t\t\t\t<\/div>\n\t\t\t\t\t<\/div>\n\t\t","protected":false},"excerpt":{"rendered":"<p>HRP- SICAK SAC GRUBU S\u0131cak haddelenmi\u015f rulo saclar, haddeleme i\u015flemi s\u0131ras\u0131nda y\u00fczey p\u00fcr\u00fczl\u00fc kal\u0131r. Sac\u0131n HRP formuna girebilmesi i\u00e7in asitleme hatlar\u0131nda s\u0131cak haddelenmi\u015f saclar asitlenir ve b\u00f6ylelikle y\u00fczeyi temizlenmi\u015f olur. DD11 , DD13, DD14, S235JR, S275JR, S235J2+N S315MC, S355JR, S355MC, S355J0, S355J2 S420MC, S500MC, S550MC, S600MC, S700MC Y\u00dcKSEK KARBONLU VE [&hellip;]<\/p>\n","protected":false},"author":1,"featured_media":0,"parent":1590,"menu_order":0,"comment_status":"closed","ping_status":"closed","template":"elementor_header_footer","meta":[],"_links":{"self":[{"href":"http:\/\/nmsmetal.com\/index.php\/wp-json\/wp\/v2\/pages\/1592"}],"collection":[{"href":"http:\/\/nmsmetal.com\/index.php\/wp-json\/wp\/v2\/pages"}],"about":[{"href":"http:\/\/nmsmetal.com\/index.php\/wp-json\/wp\/v2\/types\/page"}],"author":[{"embeddable":true,"href":"http:\/\/nmsmetal.com\/index.php\/wp-json\/wp\/v2\/users\/1"}],"replies":[{"embeddable":true,"href":"http:\/\/nmsmetal.com\/index.php\/wp-json\/wp\/v2\/comments?post=1592"}],"version-history":[{"count":22,"href":"http:\/\/nmsmetal.com\/index.php\/wp-json\/wp\/v2\/pages\/1592\/revisions"}],"predecessor-version":[{"id":3666,"href":"http:\/\/nmsmetal.com\/index.php\/wp-json\/wp\/v2\/pages\/1592\/revisions\/3666"}],"up":[{"embeddable":true,"href":"http:\/\/nmsmetal.com\/index.php\/wp-json\/wp\/v2\/pages\/1590"}],"wp:attachment":[{"href":"http:\/\/nmsmetal.com\/index.php\/wp-json\/wp\/v2\/media?parent=1592"}],"curies":[{"name":"wp","href":"https:\/\/api.w.org\/{rel}","templated":true}]}}